{"id":16359,"date":"2022-11-23T13:46:16","date_gmt":"2022-11-23T12:46:16","guid":{"rendered":"https:\/\/www.crue.org\/?page_id=16359"},"modified":"2024-09-11T17:40:02","modified_gmt":"2024-09-11T15:40:02","slug":"members-of-the-open-science-commission","status":"publish","type":"page","link":"https:\/\/www.crue.org\/en\/members-of-the-open-science-commission\/","title":{"rendered":"Members of the Open Science Commission"},"content":{"rendered":"\n<p><strong>Jaume Puy<\/strong><br>Rector of the Universitat de Lleida<\/p>\n\n\n\n<p><strong>M\u00aa Teresa Lozano<\/strong><br>Secretary General<\/p>\n\n\n\n<p><strong>Llu\u00eds Alfonso Ari\u00f1o<\/strong><br>Director ICT<br>Universitat Rovira i Virgili<br>Representative of Crue&#8217;s Sectorial Commission for Digitalisation for international Issues<\/p>\n\n\n\n<p><strong>Jos\u00e9 G\u00f3mez<\/strong><br>Head of ICT, Crue&#8217;s Secretariat<\/p>\n\n\n\n<p><strong>Bel\u00e9n Rubio<\/strong><br>Vice Rector for Research, Knowledge Transfer and Innovation<br>Universidade de Vigo<\/p>\n\n\n\n<p><strong>Ignasi Labastida<\/strong><br>Head of the Research Unit of CRAI<br>Universitat de Barcelona<br>Crue&#8217;s Representative in EUA WG Big Deals<\/p>\n\n\n\n<p><strong>V\u00edctor Jim\u00e9nez<\/strong><br>Head of Institutional Projects, Crue&#8217;s Secretariat<\/p>\n\n\n\n<p><strong>Obdulia V\u00e9lez<\/strong><br>Head Manager of Library Services<br>Universidad de Mondrag\u00f3n<\/p>\n\n\n\n<p><strong>Pastora Mart\u00ednez<\/strong><br>Vice Rector for Globalisation and Cooperation<br>Universitat Oberta de Catalunya<br>Crue&#8217;s Representative in EUA Open Science Expert Group<\/p>\n\n\n\n<p><strong>Eva M\u00e9ndez<\/strong><br>Adjunct Vice Rector for Scientific Policies, Open Science<br>Universidad Carlos III de Madrid<br>Chair of the&nbsp;EU&nbsp;Open Science Policy Platfom\/YERUN<\/p>\n\n\n\n<p><strong>Andr\u00e9s Prado<\/strong><br>Director of ICT<br>Universidad de Castilla La Mancha<\/p>\n","protected":false},"excerpt":{"rendered":"<p>Jaume PuyRector of the Universitat de Lleida M\u00aa Teresa LozanoSecretary General Llu\u00eds Alfonso Ari\u00f1oDirector ICTUniversitat Rovira i VirgiliRepresentative of Crue&#8217;s Sectorial Commission for Digitalisation for international Issues Jos\u00e9 G\u00f3mezHead of ICT, Crue&#8217;s Secretariat Bel\u00e9n RubioVice Rector for Research, Knowledge Transfer and InnovationUniversidade de Vigo Ignasi LabastidaHead of the Research Unit of CRAIUniversitat de BarcelonaCrue&#8217;s Representative &hellip; <\/p>\n<p class=\"link-more\"><a href=\"https:\/\/www.crue.org\/en\/members-of-the-open-science-commission\/\" class=\"more-link\">Continue reading<span class=\"screen-reader-text\"> &#8220;Members of the Open Science Commission&#8221;<\/span><\/a><\/p>\n","protected":false},"author":4,"featured_media":0,"parent":0,"menu_order":0,"comment_status":"closed","ping_status":"closed","template":"","meta":{"_acf_changed":false,"footnotes":""},"class_list":["post-16359","page","type-page","status-publish","hentry"],"acf":[],"yoast_head":"<!-- This site is optimized with the Yoast SEO plugin v26.4 - https:\/\/yoast.com\/wordpress\/plugins\/seo\/ -->\n<title>Members of the Open Science Commission - CRUE<\/title>\n<meta name=\"robots\" content=\"index, follow, max-snippet:-1, max-image-preview:large, max-video-preview:-1\" \/>\n<link rel=\"canonical\" href=\"https:\/\/www.crue.org\/en\/members-of-the-open-science-commission\/\" \/>\n<meta property=\"og:locale\" content=\"en_US\" \/>\n<meta property=\"og:type\" content=\"article\" \/>\n<meta property=\"og:title\" content=\"Members of the Open Science Commission - CRUE\" \/>\n<meta property=\"og:description\" content=\"Jaume PuyRector of the Universitat de Lleida M\u00aa Teresa LozanoSecretary General Llu\u00eds Alfonso Ari\u00f1oDirector ICTUniversitat Rovira i VirgiliRepresentative of Crue&#8217;s Sectorial Commission for Digitalisation for international Issues Jos\u00e9 G\u00f3mezHead of ICT, Crue&#8217;s Secretariat Bel\u00e9n RubioVice Rector for Research, Knowledge Transfer and InnovationUniversidade de Vigo Ignasi LabastidaHead of the Research Unit of CRAIUniversitat de BarcelonaCrue&#8217;s Representative &hellip; Continue reading &quot;Members of the Open Science Commission&quot;\" \/>\n<meta property=\"og:url\" content=\"https:\/\/www.crue.org\/en\/members-of-the-open-science-commission\/\" \/>\n<meta property=\"og:site_name\" content=\"CRUE\" \/>\n<meta property=\"article:modified_time\" content=\"2024-09-11T15:40:02+00:00\" \/>\n<meta name=\"twitter:card\" content=\"summary_large_image\" \/>\n<meta name=\"twitter:site\" content=\"@crueuniversidad\" \/>\n<meta name=\"twitter:label1\" content=\"Est. reading time\" \/>\n\t<meta name=\"twitter:data1\" content=\"1 minute\" \/>\n<script type=\"application\/ld+json\" class=\"yoast-schema-graph\">{\"@context\":\"https:\/\/schema.org\",\"@graph\":[{\"@type\":\"WebPage\",\"@id\":\"https:\/\/www.crue.org\/en\/members-of-the-open-science-commission\/\",\"url\":\"https:\/\/www.crue.org\/en\/members-of-the-open-science-commission\/\",\"name\":\"Members of the Open Science Commission - CRUE\",\"isPartOf\":{\"@id\":\"https:\/\/www.crue.org\/#website\"},\"datePublished\":\"2022-11-23T12:46:16+00:00\",\"dateModified\":\"2024-09-11T15:40:02+00:00\",\"breadcrumb\":{\"@id\":\"https:\/\/www.crue.org\/en\/members-of-the-open-science-commission\/#breadcrumb\"},\"inLanguage\":\"en-US\",\"potentialAction\":[{\"@type\":\"ReadAction\",\"target\":[\"https:\/\/www.crue.org\/en\/members-of-the-open-science-commission\/\"]}]},{\"@type\":\"BreadcrumbList\",\"@id\":\"https:\/\/www.crue.org\/en\/members-of-the-open-science-commission\/#breadcrumb\",\"itemListElement\":[{\"@type\":\"ListItem\",\"position\":1,\"name\":\"Home\",\"item\":\"https:\/\/www.crue.org\/en\/\"},{\"@type\":\"ListItem\",\"position\":2,\"name\":\"Members of the Open Science Commission\"}]},{\"@type\":\"WebSite\",\"@id\":\"https:\/\/www.crue.org\/#website\",\"url\":\"https:\/\/www.crue.org\/\",\"name\":\"CRUE\",\"description\":\"Conferencia de Rectores de las Universidades Espa\u00f1olas\",\"publisher\":{\"@id\":\"https:\/\/www.crue.org\/#organization\"},\"potentialAction\":[{\"@type\":\"SearchAction\",\"target\":{\"@type\":\"EntryPoint\",\"urlTemplate\":\"https:\/\/www.crue.org\/?s={search_term_string}\"},\"query-input\":{\"@type\":\"PropertyValueSpecification\",\"valueRequired\":true,\"valueName\":\"search_term_string\"}}],\"inLanguage\":\"en-US\"},{\"@type\":\"Organization\",\"@id\":\"https:\/\/www.crue.org\/#organization\",\"name\":\"CRUE\",\"url\":\"https:\/\/www.crue.org\/\",\"logo\":{\"@type\":\"ImageObject\",\"inLanguage\":\"en-US\",\"@id\":\"https:\/\/www.crue.org\/#\/schema\/logo\/image\/\",\"url\":\"https:\/\/www.crue.org\/wp-content\/uploads\/2023\/12\/cropped-CRUE-SPANISH-UNIVERSITIES.png\",\"contentUrl\":\"https:\/\/www.crue.org\/wp-content\/uploads\/2023\/12\/cropped-CRUE-SPANISH-UNIVERSITIES.png\",\"width\":530,\"height\":100,\"caption\":\"CRUE\"},\"image\":{\"@id\":\"https:\/\/www.crue.org\/#\/schema\/logo\/image\/\"},\"sameAs\":[\"https:\/\/x.com\/crueuniversidad\",\"https:\/\/www.linkedin.com\/company\/crue-universidad\/\"]}]}<\/script>\n<!-- \/ Yoast SEO plugin. -->","yoast_head_json":{"title":"Members of the Open Science Commission - CRUE","robots":{"index":"index","follow":"follow","max-snippet":"max-snippet:-1","max-image-preview":"max-image-preview:large","max-video-preview":"max-video-preview:-1"},"canonical":"https:\/\/www.crue.org\/en\/members-of-the-open-science-commission\/","og_locale":"en_US","og_type":"article","og_title":"Members of the Open Science Commission - CRUE","og_description":"Jaume PuyRector of the Universitat de Lleida M\u00aa Teresa LozanoSecretary General Llu\u00eds Alfonso Ari\u00f1oDirector ICTUniversitat Rovira i VirgiliRepresentative of Crue&#8217;s Sectorial Commission for Digitalisation for international Issues Jos\u00e9 G\u00f3mezHead of ICT, Crue&#8217;s Secretariat Bel\u00e9n RubioVice Rector for Research, Knowledge Transfer and InnovationUniversidade de Vigo Ignasi LabastidaHead of the Research Unit of CRAIUniversitat de BarcelonaCrue&#8217;s Representative &hellip; Continue reading \"Members of the Open Science Commission\"","og_url":"https:\/\/www.crue.org\/en\/members-of-the-open-science-commission\/","og_site_name":"CRUE","article_modified_time":"2024-09-11T15:40:02+00:00","twitter_card":"summary_large_image","twitter_site":"@crueuniversidad","twitter_misc":{"Est. reading time":"1 minute"},"schema":{"@context":"https:\/\/schema.org","@graph":[{"@type":"WebPage","@id":"https:\/\/www.crue.org\/en\/members-of-the-open-science-commission\/","url":"https:\/\/www.crue.org\/en\/members-of-the-open-science-commission\/","name":"Members of the Open Science Commission - CRUE","isPartOf":{"@id":"https:\/\/www.crue.org\/#website"},"datePublished":"2022-11-23T12:46:16+00:00","dateModified":"2024-09-11T15:40:02+00:00","breadcrumb":{"@id":"https:\/\/www.crue.org\/en\/members-of-the-open-science-commission\/#breadcrumb"},"inLanguage":"en-US","potentialAction":[{"@type":"ReadAction","target":["https:\/\/www.crue.org\/en\/members-of-the-open-science-commission\/"]}]},{"@type":"BreadcrumbList","@id":"https:\/\/www.crue.org\/en\/members-of-the-open-science-commission\/#breadcrumb","itemListElement":[{"@type":"ListItem","position":1,"name":"Home","item":"https:\/\/www.crue.org\/en\/"},{"@type":"ListItem","position":2,"name":"Members of the Open Science Commission"}]},{"@type":"WebSite","@id":"https:\/\/www.crue.org\/#website","url":"https:\/\/www.crue.org\/","name":"CRUE","description":"Conferencia de Rectores de las Universidades Espa\u00f1olas","publisher":{"@id":"https:\/\/www.crue.org\/#organization"},"potentialAction":[{"@type":"SearchAction","target":{"@type":"EntryPoint","urlTemplate":"https:\/\/www.crue.org\/?s={search_term_string}"},"query-input":{"@type":"PropertyValueSpecification","valueRequired":true,"valueName":"search_term_string"}}],"inLanguage":"en-US"},{"@type":"Organization","@id":"https:\/\/www.crue.org\/#organization","name":"CRUE","url":"https:\/\/www.crue.org\/","logo":{"@type":"ImageObject","inLanguage":"en-US","@id":"https:\/\/www.crue.org\/#\/schema\/logo\/image\/","url":"https:\/\/www.crue.org\/wp-content\/uploads\/2023\/12\/cropped-CRUE-SPANISH-UNIVERSITIES.png","contentUrl":"https:\/\/www.crue.org\/wp-content\/uploads\/2023\/12\/cropped-CRUE-SPANISH-UNIVERSITIES.png","width":530,"height":100,"caption":"CRUE"},"image":{"@id":"https:\/\/www.crue.org\/#\/schema\/logo\/image\/"},"sameAs":["https:\/\/x.com\/crueuniversidad","https:\/\/www.linkedin.com\/company\/crue-universidad\/"]}]}},"_links":{"self":[{"href":"https:\/\/www.crue.org\/en\/wp-json\/wp\/v2\/pages\/16359","targetHints":{"allow":["GET"]}}],"collection":[{"href":"https:\/\/www.crue.org\/en\/wp-json\/wp\/v2\/pages"}],"about":[{"href":"https:\/\/www.crue.org\/en\/wp-json\/wp\/v2\/types\/page"}],"author":[{"embeddable":true,"href":"https:\/\/www.crue.org\/en\/wp-json\/wp\/v2\/users\/4"}],"replies":[{"embeddable":true,"href":"https:\/\/www.crue.org\/en\/wp-json\/wp\/v2\/comments?post=16359"}],"version-history":[{"count":3,"href":"https:\/\/www.crue.org\/en\/wp-json\/wp\/v2\/pages\/16359\/revisions"}],"predecessor-version":[{"id":21819,"href":"https:\/\/www.crue.org\/en\/wp-json\/wp\/v2\/pages\/16359\/revisions\/21819"}],"wp:attachment":[{"href":"https:\/\/www.crue.org\/en\/wp-json\/wp\/v2\/media?parent=16359"}],"curies":[{"name":"wp","href":"https:\/\/api.w.org\/{rel}","templated":true}]}}